{"id":23,"date":"2024-05-31T07:44:04","date_gmt":"2024-05-31T07:44:04","guid":{"rendered":"https:\/\/chiclifebox.com\/?page_id=23"},"modified":"2024-05-31T19:17:32","modified_gmt":"2024-05-31T19:17:32","slug":"about-us","status":"publish","type":"page","link":"https:\/\/chiclifebox.com\/fr\/about-us\/","title":{"rendered":"\u00c0 propos de nous"},"content":{"rendered":"<div data-elementor-type=\"wp-page\" data-elementor-id=\"23\" class=\"elementor elementor-23\" data-elementor-post-type=\"page\">\n\t\t\t\t<div class=\"elementor-element elementor-element-72cb5b6 e-flex e-con-boxed e-con e-parent\" data-id=\"72cb5b6\" data-element_type=\"container\" data-settings=\"{&quot;background_background&quot;:&quot;classic&quot;}\">\n\t\t\t\t\t<div class=\"e-con-inner\">\n\t\t\t\t<div class=\"elementor-element elementor-element-886c906 elementor-widget elementor-widget-heading\" data-id=\"886c906\" data-element_type=\"widget\" data-widget_type=\"heading.default\">\n\t\t\t\t<div class=\"elementor-widget-container\">\n\t\t\t<style>\/*! elementor - v3.21.0 - 26-05-2024 *\/\n.elementor-heading-title{padding:0;margin:0;line-height:1}.elementor-widget-heading .elementor-heading-title[class*=elementor-size-]>a{color:inherit;font-size:inherit;line-height:inherit}.elementor-widget-heading .elementor-heading-title.elementor-size-small{font-size:15px}.elementor-widget-heading .elementor-heading-title.elementor-size-medium{font-size:19px}.elementor-widget-heading .elementor-heading-title.elementor-size-large{font-size:29px}.elementor-widget-heading .elementor-heading-title.elementor-size-xl{font-size:39px}.elementor-widget-heading .elementor-heading-title.elementor-size-xxl{font-size:59px}<\/style><h2 class=\"elementor-heading-title elementor-size-default\">\u00c0 propos de nous<\/h2>\t\t<\/div>\n\t\t\t\t<\/div>\n\t\t\t\t\t<\/div>\n\t\t\t\t<\/div>\n\t\t<div class=\"elementor-element elementor-element-e2034a1 e-flex e-con-boxed e-con e-parent\" data-id=\"e2034a1\" data-element_type=\"container\">\n\t\t\t\t\t<div class=\"e-con-inner\">\n\t\t<div class=\"elementor-element elementor-element-0e7e356 e-con-full e-flex e-con e-child\" data-id=\"0e7e356\" data-element_type=\"container\">\n\t\t\t\t<div class=\"elementor-element elementor-element-41b96eb elementor-invisible elementor-widget elementor-widget-image\" data-id=\"41b96eb\" data-element_type=\"widget\" data-settings=\"{&quot;_animation&quot;:&quot;fadeInLeft&quot;}\" data-widget_type=\"image.default\">\n\t\t\t\t<div class=\"elementor-widget-container\">\n\t\t\t<style>\/*! elementor - v3.21.0 - 26-05-2024 *\/\n.elementor-widget-image{text-align:center}.elementor-widget-image a{display:inline-block}.elementor-widget-image a img[src$=\".svg\"]{width:48px}.elementor-widget-image img{vertical-align:middle;display:inline-block}<\/style>\t\t\t\t\t\t\t\t\t\t<img fetchpriority=\"high\" decoding=\"async\" width=\"800\" height=\"534\" src=\"https:\/\/chiclifebox.com\/wp-content\/uploads\/2024\/05\/About2-1024x683.jpg\" class=\"attachment-large size-large wp-image-356\" alt=\"\" srcset=\"https:\/\/chiclifebox.com\/wp-content\/uploads\/2024\/05\/About2-1024x683.jpg 1024w, https:\/\/chiclifebox.com\/wp-content\/uploads\/2024\/05\/About2-300x200.jpg 300w, https:\/\/chiclifebox.com\/wp-content\/uploads\/2024\/05\/About2-768x512.jpg 768w, https:\/\/chiclifebox.com\/wp-content\/uploads\/2024\/05\/About2-1536x1025.jpg 1536w, https:\/\/chiclifebox.com\/wp-content\/uploads\/2024\/05\/About2.jpg 1965w\" sizes=\"(max-width: 800px) 100vw, 800px\" \/>\t\t\t\t\t\t\t\t\t\t\t\t\t<\/div>\n\t\t\t\t<\/div>\n\t\t\t\t<\/div>\n\t\t<div class=\"elementor-element elementor-element-447043e e-con-full e-flex e-con e-child\" data-id=\"447043e\" data-element_type=\"container\">\n\t\t\t\t<div class=\"elementor-element elementor-element-ba9144f elementor-widget elementor-widget-heading\" data-id=\"ba9144f\" data-element_type=\"widget\" data-widget_type=\"heading.default\">\n\t\t\t\t<div class=\"elementor-widget-container\">\n\t\t\t<h2 class=\"elementor-heading-title elementor-size-default\">Notre Philosophie<\/h2>\t\t<\/div>\n\t\t\t\t<\/div>\n\t\t\t\t<div class=\"elementor-element elementor-element-6c64996 elementor-widget elementor-widget-text-editor\" data-id=\"6c64996\" data-element_type=\"widget\" data-widget_type=\"text-editor.default\">\n\t\t\t\t<div class=\"elementor-widget-container\">\n\t\t\t<style>\/*! elementor - v3.21.0 - 26-05-2024 *\/\n.elementor-widget-text-editor.elementor-drop-cap-view-stacked .elementor-drop-cap{background-color:#69727d;color:#fff}.elementor-widget-text-editor.elementor-drop-cap-view-framed .elementor-drop-cap{color:#69727d;border:3px solid;background-color:transparent}.elementor-widget-text-editor:not(.elementor-drop-cap-view-default) .elementor-drop-cap{margin-top:8px}.elementor-widget-text-editor:not(.elementor-drop-cap-view-default) .elementor-drop-cap-letter{width:1em;height:1em}.elementor-widget-text-editor .elementor-drop-cap{float:left;text-align:center;line-height:1;font-size:50px}.elementor-widget-text-editor .elementor-drop-cap-letter{display:inline-block}<\/style>\t\t\t\t<ul><li><strong>La communaut\u00e9 avant tout :<\/strong> CHICLIFE est une plate-forme pour un \u00e9change sans fin d'id\u00e9es et d'inspiration en mati\u00e8re de beaut\u00e9, de soins de la peau, de soins capillaires et de mode.<\/li><li><strong>C\u00e9l\u00e9brez l'individu :<\/strong> exprimez votre caract\u00e8re unique avec des produits personnalis\u00e9s qui vous ravissent.<\/li><li><strong>Donnez du pouvoir aux autres :<\/strong> dynamisez, inspirez et exprimez votre style tout en soutenant les nouveaux entrepreneurs de la beaut\u00e9.<\/li><\/ul>\t\t\t\t\t\t<\/div>\n\t\t\t\t<\/div>\n\t\t\t\t<\/div>\n\t\t\t\t\t<\/div>\n\t\t\t\t<\/div>\n\t\t<div class=\"elementor-element elementor-element-0358e8b e-flex e-con-boxed elementor-invisible e-con e-parent\" data-id=\"0358e8b\" data-element_type=\"container\" data-settings=\"{&quot;background_background&quot;:&quot;classic&quot;,&quot;animation&quot;:&quot;fadeInUp&quot;}\">\n\t\t\t\t\t<div class=\"e-con-inner\">\n\t\t<div class=\"elementor-element elementor-element-b49f1c2 e-flex e-con-boxed e-con e-child\" data-id=\"b49f1c2\" data-element_type=\"container\">\n\t\t\t\t\t<div class=\"e-con-inner\">\n\t\t\t\t<div class=\"elementor-element elementor-element-f742132 elementor-widget elementor-widget-heading\" data-id=\"f742132\" data-element_type=\"widget\" data-widget_type=\"heading.default\">\n\t\t\t\t<div class=\"elementor-widget-container\">\n\t\t\t<h2 class=\"elementor-heading-title elementor-size-default\">PR\u00caT \u00c0 REJOINDRE NOTRE COMMUNAUT\u00c9 ? <\/h2>\t\t<\/div>\n\t\t\t\t<\/div>\n\t\t\t\t<div class=\"elementor-element elementor-element-59f190e elementor-widget elementor-widget-heading\" data-id=\"59f190e\" data-element_type=\"widget\" data-widget_type=\"heading.default\">\n\t\t\t\t<div class=\"elementor-widget-container\">\n\t\t\t<h2 class=\"elementor-heading-title elementor-size-default\">R\u00e9pondez \u00e0 notre Quiz Beaut\u00e9 d\u00e8s maintenant pour commencer.<\/h2>\t\t<\/div>\n\t\t\t\t<\/div>\n\t\t\t\t<div class=\"elementor-element elementor-element-3945639 elementor-align-center elementor-widget elementor-widget-button\" data-id=\"3945639\" data-element_type=\"widget\" data-widget_type=\"button.default\">\n\t\t\t\t<div class=\"elementor-widget-container\">\n\t\t\t\t\t<div class=\"elementor-button-wrapper\">\n\t\t\t<a class=\"elementor-button elementor-button-link elementor-size-sm\" href=\"https:\/\/chiclifebox.com\/fr\/join-now\/\">\n\t\t\t\t\t\t<span class=\"elementor-button-content-wrapper\">\n\t\t\t\t\t\t\t\t\t<span class=\"elementor-button-text\">COMMENCER<\/span>\n\t\t\t\t\t<\/span>\n\t\t\t\t\t<\/a>\n\t\t<\/div>\n\t\t\t\t<\/div>\n\t\t\t\t<\/div>\n\t\t\t\t\t<\/div>\n\t\t\t\t<\/div>\n\t\t\t\t\t<\/div>\n\t\t\t\t<\/div>\n\t\t\t\t<\/div>","protected":false},"excerpt":{"rendered":"<p>About Us Our Philosophy Community Comes First: CHICLIFE is a platform for an endless exchange of beauty, skincare, haircare, and fashion ideas and inspiration. Celebrate the Individual: Embrace your uniqueness with personalized products that delight you. Empower Others: Energize, inspire, and express your style while supporting new beauty entrepreneurs. Ready to join our Community? Take [&hellip;]<\/p>","protected":false},"author":1,"featured_media":0,"parent":0,"menu_order":0,"comment_status":"closed","ping_status":"closed","template":"","meta":{"footnotes":""},"_links":{"self":[{"href":"https:\/\/chiclifebox.com\/fr\/wp-json\/wp\/v2\/pages\/23"}],"collection":[{"href":"https:\/\/chiclifebox.com\/fr\/wp-json\/wp\/v2\/pages"}],"about":[{"href":"https:\/\/chiclifebox.com\/fr\/wp-json\/wp\/v2\/types\/page"}],"author":[{"embeddable":true,"href":"https:\/\/chiclifebox.com\/fr\/wp-json\/wp\/v2\/users\/1"}],"replies":[{"embeddable":true,"href":"https:\/\/chiclifebox.com\/fr\/wp-json\/wp\/v2\/comments?post=23"}],"version-history":[{"count":76,"href":"https:\/\/chiclifebox.com\/fr\/wp-json\/wp\/v2\/pages\/23\/revisions"}],"predecessor-version":[{"id":514,"href":"https:\/\/chiclifebox.com\/fr\/wp-json\/wp\/v2\/pages\/23\/revisions\/514"}],"wp:attachment":[{"href":"https:\/\/chiclifebox.com\/fr\/wp-json\/wp\/v2\/media?parent=23"}],"curies":[{"name":"wp","href":"https:\/\/api.w.org\/{rel}","templated":true}]}}